{"id":5,"date":"2013-02-20T21:30:43","date_gmt":"2013-02-20T21:30:43","guid":{"rendered":"http:\/\/mgimmensee.ch\/WordPress\/?page_id=5"},"modified":"2025-09-11T21:50:27","modified_gmt":"2025-09-11T19:50:27","slug":"uber-uns","status":"publish","type":"page","link":"https:\/\/www.mgimmensee.ch\/?page_id=5","title":{"rendered":"\u00dcber uns"},"content":{"rendered":"<div id=\"cs-content\" class=\"cs-content\"><div class=\"x-section e5-e1 m5-0\"><div class=\"x-row x-container max width e5-e2 m5-1 m5-2\"><div class=\"x-row-inner\"><div class=\"x-col e5-e3 m5-3\"><div class=\"x-text x-content e5-e4 m5-4\"><p>ECKPUNKTE<\/p>\n\n<ul>\n \t<li>typischer, aktiver Dorfverein<\/li>\n \t<li>Blechbesetzung \u2013 Brass Band (3. St\u00e4rkeklasse)<\/li>\n \t<li>1909 gegr\u00fcndet - 116 Jahre* \u00a0 \u00a0 \u00a0 \u00a0 \u00a0 \u00a0 \u00a0 \u00a0 \u00a0 \u00a0 \u00a0 \u00a0 \u00a0 \u00a0 \u00a0 \u00a0 \u00a0 \u00a0 \u00a0 \u00a0*Stand 2025<\/li>\n \t<li>37 Aktivmitglieder davon 5 Frauen*<\/li>\n \t<li>J\u00fcngstes Mitglied: 17 Jahre - \u00e4ltestes Mitglied: 87 Jahre (!)*<\/li>\n \t<li>Probetag: Mittwoch<\/li>\n \t<li>Pr\u00e4sident: Albert Dietrich (seit 2023)<\/li>\n \t<li>Dirigent: Marin Muoth<\/li>\n<\/ul>\n<p>UNSERE ZIELE<\/p>\n\n<ul>\n \t<li>Pflege der Blasmusik und der Kameradschaft<\/li>\n \t<li>Beitrag zum weltlichen und kirchlichen Dorfleben<\/li>\n \t<li>Mit unserer Hauptmusikstilrichtung, der Unterhaltungsmusik, in unserem Bezirk, aber auch bei ausserkantonalen Auftritten Freude zu bereiten<\/li>\n \t<li>Alle f\u00fcnf Jahre: Besuch eines Wettspiels (Fest der Musik\/Kantonalmusikfest)<\/li>\n<\/ul>\n<p>DARUM LOHNT ES SICH, BEI UNS MITZUMACHEN<\/p>\n\n<ul>\n \t<li>Mit der Durchmischung von Jung und Alt geniessen wir Musikanten auch das gesellige Dorfleben und erachten dies als Ausgleich zum beruflichen Alltag<\/li>\n \t<li>Kollegialit\u00e4t wird gross geschrieben<\/li>\n \t<li>Wir sind mit unserem Musikstil nahe bei den Jungen, verm\u00f6gen aber auch das \u00e4ltere Publikum zu begeistern<\/li>\n \t<li>Abwechslungsreiche Auftritte und Anl\u00e4sse:\n<ul>\n \t<li>Kirchenkonzerte mit zweitem Verein, M\u00e4rz\/April<\/li>\n \t<li>Brass-Event in einem Betrieb im Bezirk K\u00fcssnacht, Juni<\/li>\n \t<li>Dorf-Tournee \/ Sommerkonzerte, Juni\/Juli<\/li>\n \t<li>Dorff\u00e4schtli\/Gr\u00fcmpelturnier, Ende August<\/li>\n \t<li>Musig-Abig\/Jahreskonzert, Mitte Dezember<\/li>\n \t<li>diverse andere Auftritte<\/li>\n<\/ul>\n<\/li>\n<\/ul><\/div><\/div><\/div><\/div><\/div><\/div>\n<div style=\"margin: 20px 0;\"><div class=\"qrcswholewtapper\" style=\"text-align:left;\"><div class=\"qrcprowrapper\"  id=\"qrcwraa2leds\"><div class=\"qrc_canvass\" id=\"qrc_cuttenpages_2\" style=\"display:inline-block\" data-text=\"https:\/\/www.mgimmensee.ch\/?page_id=5\"><\/div><div><a download=\"\u00dcber uns.png\" class=\"qrcdownloads\" id=\"worign\">\r\n           <button type=\"button\" style=\"min-width:200px;background:#e66300;color:#000;font-weight: 600;border: 1px solid #dddddd;border-radius:4px;font-size:12px;padding: 6px 0;\" class=\"uqr_code_btn\">Download QR<\/button>\r\n           <\/a><\/div><\/div><\/div><\/div>","protected":false},"excerpt":{"rendered":"<p>ECKPUNKTE typischer, aktiver Dorfverein Blechbesetzung \u2013 Brass Band (3. St\u00e4rkeklasse) 1909 gegr\u00fcndet &#8211; 116 Jahre* \u00a0 \u00a0 \u00a0 \u00a0 \u00a0 \u00a0 \u00a0 \u00a0 \u00a0 \u00a0 \u00a0 \u00a0 \u00a0 \u00a0 \u00a0 \u00a0 \u00a0 \u00a0 \u00a0 \u00a0*Stand 2025 37 Aktivmitglieder davon 5 Frauen* J\u00fcngstes Mitglied: 17 Jahre &#8211; \u00e4ltestes Mitglied: 87 Jahre (!)* Probetag: Mittwoch Pr\u00e4sident: Albert Dietrich (seit 2023) Dirigent: Marin &#8230;<\/p>\n","protected":false},"author":1,"featured_media":0,"parent":0,"menu_order":1,"comment_status":"closed","ping_status":"closed","template":"","meta":{"footnotes":""},"class_list":["post-5","page","type-page","status-publish","hentry","no-post-thumbnail"],"_links":{"self":[{"href":"https:\/\/www.mgimmensee.ch\/index.php?rest_route=\/wp\/v2\/pages\/5","targetHints":{"allow":["GET"]}}],"collection":[{"href":"https:\/\/www.mgimmensee.ch\/index.php?rest_route=\/wp\/v2\/pages"}],"about":[{"href":"https:\/\/www.mgimmensee.ch\/index.php?rest_route=\/wp\/v2\/types\/page"}],"author":[{"embeddable":true,"href":"https:\/\/www.mgimmensee.ch\/index.php?rest_route=\/wp\/v2\/users\/1"}],"replies":[{"embeddable":true,"href":"https:\/\/www.mgimmensee.ch\/index.php?rest_route=%2Fwp%2Fv2%2Fcomments&post=5"}],"version-history":[{"count":25,"href":"https:\/\/www.mgimmensee.ch\/index.php?rest_route=\/wp\/v2\/pages\/5\/revisions"}],"predecessor-version":[{"id":10647,"href":"https:\/\/www.mgimmensee.ch\/index.php?rest_route=\/wp\/v2\/pages\/5\/revisions\/10647"}],"wp:attachment":[{"href":"https:\/\/www.mgimmensee.ch\/index.php?rest_route=%2Fwp%2Fv2%2Fmedia&parent=5"}],"curies":[{"name":"wp","href":"https:\/\/api.w.org\/{rel}","templated":true}]}}